{"id":10,"date":"2024-11-12T17:00:18","date_gmt":"2024-11-12T17:00:18","guid":{"rendered":"http:\/\/oud.ppp.mybluehost.me\/blog\/"},"modified":"2025-11-18T20:09:26","modified_gmt":"2025-11-19T03:09:26","slug":"blog","status":"publish","type":"page","link":"https:\/\/milemarathon.com\/es\/blog\/","title":{"rendered":"Blog"},"content":{"rendered":"<div class=\"nfd-container nfd-wb-text__text-13 wp-block-group alignfull is-layout-constrained wp-container-core-group-is-layout-346627ba wp-block-group-is-layout-constrained\">\n<div class=\"nfd-container nfd-text-md wp-block-group alignfull is-layout-constrained wp-container-core-group-is-layout-346627ba wp-block-group-is-layout-constrained\">\n<div class=\"nfd-max-w-prose wp-block-group is-vertical is-content-justification-left is-layout-flex wp-container-core-group-is-layout-dd225191 wp-block-group-is-layout-flex\">\n<h2 class=\"nfd-text-xl nfd-text-balance wp-block-heading\" style=\"font-style:normal;font-weight:600\">Reuniones del Comit\u00e9 del Marat\u00f3n de la Milla<\/h2>\n\n\n\n<p class=\"\"><strong>14 DE NOVIEMBRE DE 2025 | 8:00-9:00 \u2013 Resumen de la segunda reuni\u00f3n: b\u00fasqueda de nuevos patrocinadores, camisetas y permisos.<\/strong>  <br>\u00a1El Comit\u00e9 del Marat\u00f3n Mile se reuni\u00f3 para su segunda reuni\u00f3n de planificaci\u00f3n con nuevas caras en la mesa! Con las decisiones sobre las camisetas tomando forma, la b\u00fasqueda de patrocinadores en marcha y la log\u00edstica comenzando a desarrollarse, el equipo sigue sentando las bases para la 49.\u00aa edici\u00f3n de la carrera en primavera.<\/p>\n\n\n\n<p class=\"\"><strong>10 DE OCTUBRE DE 2025 | 8:00-9:00 \u2013 Resumen de la primera reuni\u00f3n: bienvenida y presentaci\u00f3n de los nuevos miembros y patrocinadores corporativos.<\/strong><br>\u00a1El Comit\u00e9 del Marat\u00f3n de la Milla inici\u00f3 su primera reuni\u00f3n para la carrera de 2026 con una mesa llena de padres entusiastas! Con presentaciones, actualizaciones de funciones y un an\u00e1lisis en profundidad de la planificaci\u00f3n del patrocinio, el equipo sent\u00f3 unas bases s\u00f3lidas para otro a\u00f1o exitoso de la querida tradici\u00f3n de fin de a\u00f1o de Columbine. Con un fuerte impulso y un equipo comprometido, la 49.\u00aa edici\u00f3n del Marat\u00f3n de la Milla de Columbine ya ha tenido un comienzo prometedor. Est\u00e9n atentos a m\u00e1s novedades a medida que la planificaci\u00f3n se acelera este oto\u00f1o. <\/p>\n\n\n\n<p class=\"\"><strong>FEBRERO 21, 2025 | 8AM-9AM - Recaudaci\u00f3n de fondos para estudiantes, horarios y log\u00edstica<\/strong><br>Los miembros del comit\u00e9 continuaron prepar\u00e1ndose para la pr\u00f3xima celebraci\u00f3n en la cuarta reuni\u00f3n del comit\u00e9 del Marat\u00f3n de la Milla. La agenda inclu\u00eda finalizar un objetivo para la recaudaci\u00f3n de fondos de los estudiantes, la programaci\u00f3n del evento y la log\u00edstica del d\u00eda de la carrera, as\u00ed como comunicar al personal de Columbine y a la comunidad algunas preguntas frecuentes sobre la carrera. Pr\u00f3ximo paso: invitar a invitados VIP para que hablen a los estudiantes y finalizar el permiso para el d\u00eda del evento.<\/p>\n\n\n\n<p class=\"\"><strong>24 DE ENERO DE 2025 | 8:00-9:00 - PREPARACI\u00d3N PARA 2025<\/strong><br>El Comit\u00e9 del Marat\u00f3n de la Milla celebr\u00f3 su tercera reuni\u00f3n a finales de enero, \u00a1y fue una sesi\u00f3n muy productiva! Con nuestros patrocinios corporativos casi finalizados, la conversaci\u00f3n gir\u00f3 en torno a un emocionante siguiente paso: fijar un <strong>objetivo de recaudaci\u00f3n de fondos para los estudiantes.<\/strong>Este hito no es s\u00f3lo una carrera divertida, es la mayor recaudaci\u00f3n de fondos del a\u00f1o para Columbine Elementary, \u00a1y estamos deseando que sea la m\u00e1s exitosa hasta la fecha!<br><br><strong>Muchas gracias a nuestros <a href=\"https:\/\/milemarathon.com\/es\/sponsor\/\">empresas patrocinadoras<\/a><\/strong><br>Un gran aplauso para las empresas y organizaciones -tanto las que regresan como las nuevas- que apoyan esta incre\u00edble <strong>tradici\u00f3n de 48 a\u00f1os.<\/strong>Tu generosidad mantiene vivo el esp\u00edritu del Marat\u00f3n de la Milla, ayud\u00e1ndonos a crear una experiencia memorable para los estudiantes y financiando al mismo tiempo importantes programas e iniciativas escolares. \u00a1No podr\u00edamos hacerlo sin ti!<br><br><strong>Presentamos una NUEVA tradici\u00f3n: Un Gran Mariscal<\/strong><br>Estamos encantados de anunciar una nueva tradici\u00f3n para 2025: \u00a1el Gran Mariscal del Marat\u00f3n de la Milla! Y qui\u00e9n mejor para asumir este papel inaugural que <strong><a href=\"https:\/\/www.pumaeliterunning.com\/team\/sarah-vaughn\" target=\"_blank\" rel=\"noreferrer noopener\">Sarah Vaughn<\/a><\/strong>\u2013maratonista local, corredora de PUMA, \u00a1y futura madre de Columbine! La pasi\u00f3n de Sarah por correr y su compromiso con la comunidad la convierten en la elecci\u00f3n perfecta para dar el pistoletazo de salida al evento de este a\u00f1o. Estamos incre\u00edblemente agradecidos por su apoyo y no podemos esperar para celebrar con ella en la l\u00ednea de salida.<br><br><strong>De cara al futuro<\/strong><br>Mientras nos preparamos para el d\u00eda de la carrera, seguiremos trabajando duro para garantizar que este evento <strong>sea una experiencia fant\u00e1stica<\/strong> para todos los estudiantes de Columbine. Mant\u00e9ngase en sinton\u00eda para m\u00e1s actualizaciones, incluyendo detalles sobre los esfuerzos de recaudaci\u00f3n de fondos de los estudiantes, oportunidades de voluntariado, y la log\u00edstica del d\u00eda de la carrera.<\/p>\n\n\n\n<p class=\"\">Gracias a todos los que han contribuido a que el Marat\u00f3n de la Milla de este a\u00f1o sea inolvidable. \u00a1Mantengamos el impulso!<\/p>\n\n\n\n<p class=\"\">\ud83d\udc99\ud83c\udfc3\u200d\u2642\ufe0f\ud83c\udfc3\u200d\u2640\ufe0f\ud83d\udc9b <strong>\u00a1Vamos Columbine!<\/strong><\/p>\n\n\n\n<p class=\"\"><strong>6 DE DICIEMBRE | 8H-9H - \u00daLTIMA REUNI\u00d3N DEL COMIT\u00c9 MM PARA 2024<\/strong><br>El Comit\u00e9 del Marat\u00f3n de la 2\u00aa Milla para 2024-2025 se reuni\u00f3 el 6 de diciembre. \u00a1Vamos a seguir adelante con la planificaci\u00f3n! En la agenda est\u00e1 la discusi\u00f3n del patrocinio corporativo 2025, bolsas de 5\u00ba grado, invitados VIP al evento y \u00a1mucho m\u00e1s!<\/p>\n\n\n\n<p class=\"\"><strong>11 OCTUBRE | 8AM-9AM - REUNI\u00d3N DE LANZAMIENTO OTO\u00d1O 202 <\/strong><br>La primera reuni\u00f3n del a\u00f1o 2025 del Comit\u00e9 del Marat\u00f3n de la Milla tuvo un gran comienzo. En el orden del d\u00eda figuraban la bienvenida a los nuevos miembros del comit\u00e9, la presentaci\u00f3n de la singularidad del Marat\u00f3n de la Milla y el debate sobre los objetivos de recaudaci\u00f3n de fondos. Tambi\u00e9n se asignaron responsabilidades a los voluntarios. \u00bfSab\u00edas que hay MUCHAS partes m\u00f3viles que se unen para hacer la Milla Marat\u00f3n?<\/p>\n\n\n\n<figure class=\"is-style-regular wp-block-table\"><table class=\"has-border-color has-base-border-color has-fixed-layout\"><tbody><tr><td> \u2022 Permisos<\/td><td>\u2022 Log\u00edstica - incluyendo:<\/td><td> \u2022 Invitados \/ VIP<\/td><\/tr><tr><td>\u2022 Empresas patrocinadoras<\/td><td>     \u00ba Cercado<\/td><td> \u2022 Refrescos<\/td><\/tr><tr><td>\u2022 Socios locales<\/td><td>     \u00ba Aparcamiento\/tr\u00e1fico<\/td><td> \u2022 Bolsas de 5\u00ba grado<\/td><\/tr><tr><td>\u2022 Recaudaci\u00f3n de fondos<\/td><td>     \u00ba Puestos de primeros auxilios<\/td><td> \u2022 Suministros <\/td><\/tr><tr><td>\u2022 Camisetas<\/td><td>      \u00ba Ecocycle<\/td><td> \u2022 Decoraciones<\/td><\/tr><\/tbody><\/table><\/figure>\n\n\n\n<p class=\"\">Si est\u00e1 interesado en participar en el Comit\u00e9 del Marat\u00f3n de la Milla, p\u00f3ngase en contacto con <strong>Carla Coleman<\/strong> o <strong>Ashley Ortiz.<\/strong> La PTA de Columbine Elementary tambi\u00e9n tiene un Slack <a href=\"https:\/\/columbinepta.slack.com\/\">canal<\/a> dedicado a todas las discusiones sobre el Marat\u00f3n de la Milla.<\/p>\n<\/div>\n\n\n\n<div class=\"nfd-max-w-prose wp-block-group is-vertical is-content-justification-center is-layout-flex wp-container-core-group-is-layout-ce155fab wp-block-group-is-layout-flex\">\n<hr class=\"is-style-dots wp-block-separator has-alpha-channel-opacity\" style=\"margin-top:var(--wp--preset--spacing--30);margin-bottom:var(--wp--preset--spacing--30)\"\/>\n<\/div>\n<\/div>\n<\/div>\n\n\n\n<main class=\"wp-block-group alignfull is-layout-constrained wp-block-group-is-layout-constrained\">\n<div style=\"height:40px\" aria-hidden=\"true\" class=\"wp-block-spacer\"><\/div>\n\n\n\n<div class=\"wp-block-query alignfull is-layout-constrained wp-block-query-is-layout-constrained\">\n<div style=\"height:40px\" aria-hidden=\"true\" class=\"wp-block-spacer\"><\/div>\n\n\n<\/div>\n<\/main>","protected":false},"excerpt":{"rendered":"<p>Mile Marathon Committee Meetings NOVEMBER 14, 2025 | 8AM-9AM &#8211; Second meeting recap &#8211; recruiting new sponsors, t-shirts and permits The Mile Marathon Committee gathered for its second planning meeting with new faces at the table! With t-shirt decisions taking shape, sponsorship outreach underway, and logistics beginning to unfold, the team continues laying the foundation [&hellip;]<\/p>\n","protected":false},"author":1,"featured_media":0,"parent":0,"menu_order":0,"comment_status":"closed","ping_status":"closed","template":"","meta":{"nf_dc_page":"","om_disable_all_campaigns":false,"_monsterinsights_skip_tracking":false,"_monsterinsights_sitenote_active":false,"_monsterinsights_sitenote_note":"","_monsterinsights_sitenote_category":0,"_uf_show_specific_survey":0,"_uf_disable_surveys":false,"footnotes":""},"class_list":["post-10","page","type-page","status-publish","hentry"],"yoast_head":"<!-- This site is optimized with the Yoast SEO plugin v27.4 - https:\/\/yoast.com\/product\/yoast-seo-wordpress\/ -->\n<title>Blog - Mile Marathon<\/title>\n<meta name=\"robots\" content=\"index, follow, max-snippet:-1, max-image-preview:large, max-video-preview:-1\" \/>\n<link rel=\"canonical\" href=\"https:\/\/milemarathon.com\/es\/blog\/\" \/>\n<meta property=\"og:locale\" content=\"es_MX\" \/>\n<meta property=\"og:type\" content=\"article\" \/>\n<meta property=\"og:title\" content=\"Blog - Mile Marathon\" \/>\n<meta property=\"og:description\" content=\"Mile Marathon Committee Meetings NOVEMBER 14, 2025 | 8AM-9AM &#8211; Second meeting recap &#8211; recruiting new sponsors, t-shirts and permits The Mile Marathon Committee gathered for its second planning meeting with new faces at the table! With t-shirt decisions taking shape, sponsorship outreach underway, and logistics beginning to unfold, the team continues laying the foundation [&hellip;]\" \/>\n<meta property=\"og:url\" content=\"https:\/\/milemarathon.com\/es\/blog\/\" \/>\n<meta property=\"og:site_name\" content=\"Mile Marathon\" \/>\n<meta property=\"article:modified_time\" content=\"2025-11-19T03:09:26+00:00\" \/>\n<meta name=\"twitter:card\" content=\"summary_large_image\" \/>\n<meta name=\"twitter:label1\" content=\"Tiempo de lectura\" \/>\n\t<meta name=\"twitter:data1\" content=\"4 minutos\" \/>\n<script type=\"application\/ld+json\" class=\"yoast-schema-graph\">{\"@context\":\"https:\\\/\\\/schema.org\",\"@graph\":[{\"@type\":\"WebPage\",\"@id\":\"https:\\\/\\\/milemarathon.com\\\/blog\\\/\",\"url\":\"https:\\\/\\\/milemarathon.com\\\/blog\\\/\",\"name\":\"Blog - Mile Marathon\",\"isPartOf\":{\"@id\":\"http:\\\/\\\/oud.ppp.mybluehost.me\\\/#website\"},\"datePublished\":\"2024-11-12T17:00:18+00:00\",\"dateModified\":\"2025-11-19T03:09:26+00:00\",\"breadcrumb\":{\"@id\":\"https:\\\/\\\/milemarathon.com\\\/blog\\\/#breadcrumb\"},\"inLanguage\":\"es\",\"potentialAction\":[{\"@type\":\"ReadAction\",\"target\":[\"https:\\\/\\\/milemarathon.com\\\/blog\\\/\"]}]},{\"@type\":\"BreadcrumbList\",\"@id\":\"https:\\\/\\\/milemarathon.com\\\/blog\\\/#breadcrumb\",\"itemListElement\":[{\"@type\":\"ListItem\",\"position\":1,\"name\":\"Home\",\"item\":\"https:\\\/\\\/milemarathon.com\\\/\"},{\"@type\":\"ListItem\",\"position\":2,\"name\":\"Blog\"}]},{\"@type\":\"WebSite\",\"@id\":\"http:\\\/\\\/oud.ppp.mybluehost.me\\\/#website\",\"url\":\"http:\\\/\\\/oud.ppp.mybluehost.me\\\/\",\"name\":\"Mile Marathon\",\"description\":\"Committed to instilling a passion for exercise in children, the Mile Marathon gathers thousands of participants for a vibrant, community-driven race.\",\"potentialAction\":[{\"@type\":\"SearchAction\",\"target\":{\"@type\":\"EntryPoint\",\"urlTemplate\":\"http:\\\/\\\/oud.ppp.mybluehost.me\\\/?s={search_term_string}\"},\"query-input\":{\"@type\":\"PropertyValueSpecification\",\"valueRequired\":true,\"valueName\":\"search_term_string\"}}],\"inLanguage\":\"es\"}]}<\/script>\n<!-- \/ Yoast SEO plugin. -->","yoast_head_json":{"title":"Blog - Mile Marathon","robots":{"index":"index","follow":"follow","max-snippet":"max-snippet:-1","max-image-preview":"max-image-preview:large","max-video-preview":"max-video-preview:-1"},"canonical":"https:\/\/milemarathon.com\/es\/blog\/","og_locale":"es_MX","og_type":"article","og_title":"Blog - Mile Marathon","og_description":"Mile Marathon Committee Meetings NOVEMBER 14, 2025 | 8AM-9AM &#8211; Second meeting recap &#8211; recruiting new sponsors, t-shirts and permits The Mile Marathon Committee gathered for its second planning meeting with new faces at the table! With t-shirt decisions taking shape, sponsorship outreach underway, and logistics beginning to unfold, the team continues laying the foundation [&hellip;]","og_url":"https:\/\/milemarathon.com\/es\/blog\/","og_site_name":"Mile Marathon","article_modified_time":"2025-11-19T03:09:26+00:00","twitter_card":"summary_large_image","twitter_misc":{"Tiempo de lectura":"4 minutos"},"schema":{"@context":"https:\/\/schema.org","@graph":[{"@type":"WebPage","@id":"https:\/\/milemarathon.com\/blog\/","url":"https:\/\/milemarathon.com\/blog\/","name":"Blog - Mile Marathon","isPartOf":{"@id":"http:\/\/oud.ppp.mybluehost.me\/#website"},"datePublished":"2024-11-12T17:00:18+00:00","dateModified":"2025-11-19T03:09:26+00:00","breadcrumb":{"@id":"https:\/\/milemarathon.com\/blog\/#breadcrumb"},"inLanguage":"es","potentialAction":[{"@type":"ReadAction","target":["https:\/\/milemarathon.com\/blog\/"]}]},{"@type":"BreadcrumbList","@id":"https:\/\/milemarathon.com\/blog\/#breadcrumb","itemListElement":[{"@type":"ListItem","position":1,"name":"Home","item":"https:\/\/milemarathon.com\/"},{"@type":"ListItem","position":2,"name":"Blog"}]},{"@type":"WebSite","@id":"http:\/\/oud.ppp.mybluehost.me\/#website","url":"http:\/\/oud.ppp.mybluehost.me\/","name":"Milla Marat\u00f3n","description":"Committed to instilling a passion for exercise in children, the Mile Marathon gathers thousands of participants for a vibrant, community-driven race.","potentialAction":[{"@type":"SearchAction","target":{"@type":"EntryPoint","urlTemplate":"http:\/\/oud.ppp.mybluehost.me\/?s={search_term_string}"},"query-input":{"@type":"PropertyValueSpecification","valueRequired":true,"valueName":"search_term_string"}}],"inLanguage":"es"}]}},"jetpack_sharing_enabled":true,"_links":{"self":[{"href":"https:\/\/milemarathon.com\/es\/wp-json\/wp\/v2\/pages\/10","targetHints":{"allow":["GET"]}}],"collection":[{"href":"https:\/\/milemarathon.com\/es\/wp-json\/wp\/v2\/pages"}],"about":[{"href":"https:\/\/milemarathon.com\/es\/wp-json\/wp\/v2\/types\/page"}],"author":[{"embeddable":true,"href":"https:\/\/milemarathon.com\/es\/wp-json\/wp\/v2\/users\/1"}],"replies":[{"embeddable":true,"href":"https:\/\/milemarathon.com\/es\/wp-json\/wp\/v2\/comments?post=10"}],"version-history":[{"count":13,"href":"https:\/\/milemarathon.com\/es\/wp-json\/wp\/v2\/pages\/10\/revisions"}],"predecessor-version":[{"id":432,"href":"https:\/\/milemarathon.com\/es\/wp-json\/wp\/v2\/pages\/10\/revisions\/432"}],"wp:attachment":[{"href":"https:\/\/milemarathon.com\/es\/wp-json\/wp\/v2\/media?parent=10"}],"curies":[{"name":"wp","href":"https:\/\/api.w.org\/{rel}","templated":true}]}}