{"id":115,"date":"2024-11-23T16:50:07","date_gmt":"2024-11-23T16:50:07","guid":{"rendered":"https:\/\/milemarathon.com\/?page_id=115"},"modified":"2024-11-24T02:37:52","modified_gmt":"2024-11-24T02:37:52","slug":"mm-running-route","status":"publish","type":"page","link":"https:\/\/milemarathon.com\/es\/mm-running-route\/","title":{"rendered":"Recorrido del Marat\u00f3n de la Milla"},"content":{"rendered":"<div class=\"nfd-container nfd-text-md nfd-wb-text__text-7 wp-block-group is-layout-constrained wp-container-core-group-is-layout-346627ba wp-block-group-is-layout-constrained\">\n<div class=\"nfd-text-md wp-block-group is-layout-constrained wp-block-group-is-layout-constrained\">\n<div class=\"nfd-max-w-prose wp-block-group is-vertical is-content-justification-left is-layout-flex wp-container-core-group-is-layout-dd225191 wp-block-group-is-layout-flex\">\n<p class=\"\">Para garantizar la seguridad de todos durante el evento, las calles que rodean la escuela, que sirven de recorrido para la carrera del Marat\u00f3n de la Milla, estar\u00e1n cerradas desde las 8.30 hasta las 10.30, o hasta que todos los corredores hayan salido del recorrido. <\/p>\n\n\n\n<p class=\"\">El curso es el siguiente:<\/p>\n\n\n\n<ul class=\"wp-block-list\">\n<li class=\"\"><strong>La L\u00cdNEA DE SALIDA est\u00e1 en Glenwood Drive y la calle 20.<\/strong><\/li>\n\n\n\n<li class=\"\">Los corredores se dirigir\u00e1n hacia el este por Glenwood Drive y girar\u00e1n hacia el sur por 23rd Street.<\/li>\n\n\n\n<li class=\"\">La ruta contin\u00faa hacia el suroeste por la avenida Forest y la calle 22.<\/li>\n\n\n\n<li class=\"\">Hay una suave pendiente a medida que los estudiantes contin\u00faan hacia el oeste por Floral Drive.<\/li>\n\n\n\n<li class=\"\">El tramo final del recorrido lleva a los estudiantes hacia el norte por la calle 19.<\/li>\n\n\n\n<li class=\"\">La L\u00cdNEA DE LLEGADA est\u00e1 de nuevo en Glenwood Drive, en el c\u00e9sped al norte de Columbine Elementary.<\/li>\n<\/ul>\n\n\n\n<p class=\"\">Tanto si corres como si animas, \u00fanete a nosotros para hacer de esta carrera una memorable celebraci\u00f3n de la forma f\u00edsica y el esp\u00edritu comunitario.<\/p>\n<\/div>\n<\/div>\n\n\n\n<figure class=\"wp-block-image aligncenter size-large\"><img data-recalc-dims=\"1\" loading=\"lazy\" decoding=\"async\" width=\"1024\" height=\"1006\" src=\"https:\/\/i0.wp.com\/milemarathon.com\/wp-content\/uploads\/2024\/11\/MileMarathonRunRoute-1.png?resize=1024%2C1006&#038;ssl=1\" alt=\"Illustration of running route\" class=\"wp-image-193\" style=\"aspect-ratio:16\/9;object-fit:cover\" srcset=\"https:\/\/i0.wp.com\/milemarathon.com\/wp-content\/uploads\/2024\/11\/MileMarathonRunRoute-1.png?resize=1024%2C1006&amp;ssl=1 1024w, https:\/\/i0.wp.com\/milemarathon.com\/wp-content\/uploads\/2024\/11\/MileMarathonRunRoute-1.png?resize=300%2C295&amp;ssl=1 300w, https:\/\/i0.wp.com\/milemarathon.com\/wp-content\/uploads\/2024\/11\/MileMarathonRunRoute-1.png?resize=768%2C754&amp;ssl=1 768w, https:\/\/i0.wp.com\/milemarathon.com\/wp-content\/uploads\/2024\/11\/MileMarathonRunRoute-1.png?resize=1536%2C1509&amp;ssl=1 1536w, https:\/\/i0.wp.com\/milemarathon.com\/wp-content\/uploads\/2024\/11\/MileMarathonRunRoute-1.png?resize=2048%2C2012&amp;ssl=1 2048w, https:\/\/i0.wp.com\/milemarathon.com\/wp-content\/uploads\/2024\/11\/MileMarathonRunRoute-1.png?resize=12%2C12&amp;ssl=1 12w\" sizes=\"auto, (max-width: 1000px) 100vw, 1000px\" \/><figcaption class=\"wp-element-caption\">Recorrido de la carrera de marat\u00f3n de una milla<\/figcaption><\/figure>\n\n\n\n<div class=\"nfd-text-md wp-block-group is-layout-constrained wp-block-group-is-layout-constrained\">\n<div class=\"nfd-max-w-prose wp-block-group is-vertical is-content-justification-left is-layout-flex wp-container-core-group-is-layout-dd225191 wp-block-group-is-layout-flex\"><\/div>\n<\/div>\n<\/div>\n\n\n\n<p class=\"\"><\/p>","protected":false},"excerpt":{"rendered":"<p>To ensure the safety of all during the event, the streets immediately surrounding the school, which serve as the course for the Mile Marathon run, will be closed from 8:30am until 10:30am, or until all the runners are off the course. The course is as follows: Whether you&#8217;re running or cheering, join us in making [&hellip;]<\/p>\n","protected":false},"author":1,"featured_media":0,"parent":0,"menu_order":0,"comment_status":"closed","ping_status":"closed","template":"","meta":{"nf_dc_page":"","om_disable_all_campaigns":false,"_monsterinsights_skip_tracking":false,"_monsterinsights_sitenote_active":false,"_monsterinsights_sitenote_note":"","_monsterinsights_sitenote_category":0,"_uf_show_specific_survey":0,"_uf_disable_surveys":false,"footnotes":""},"class_list":["post-115","page","type-page","status-publish","hentry"],"yoast_head":"<!-- This site is optimized with the Yoast SEO plugin v27.4 - https:\/\/yoast.com\/product\/yoast-seo-wordpress\/ -->\n<title>Running route for the Mile Marathon - Mile Marathon<\/title>\n<meta name=\"robots\" content=\"index, follow, max-snippet:-1, max-image-preview:large, max-video-preview:-1\" \/>\n<link rel=\"canonical\" href=\"https:\/\/milemarathon.com\/es\/mm-running-route\/\" \/>\n<meta property=\"og:locale\" content=\"es_MX\" \/>\n<meta property=\"og:type\" content=\"article\" \/>\n<meta property=\"og:title\" content=\"Running route for the Mile Marathon - Mile Marathon\" \/>\n<meta property=\"og:description\" content=\"To ensure the safety of all during the event, the streets immediately surrounding the school, which serve as the course for the Mile Marathon run, will be closed from 8:30am until 10:30am, or until all the runners are off the course. The course is as follows: Whether you&#8217;re running or cheering, join us in making [&hellip;]\" \/>\n<meta property=\"og:url\" content=\"https:\/\/milemarathon.com\/es\/mm-running-route\/\" \/>\n<meta property=\"og:site_name\" content=\"Mile Marathon\" \/>\n<meta property=\"article:modified_time\" content=\"2024-11-24T02:37:52+00:00\" \/>\n<meta property=\"og:image\" content=\"https:\/\/milemarathon.com\/wp-content\/uploads\/2024\/11\/MileMarathonRunRoute-1-1024x1006.png\" \/>\n<meta name=\"twitter:card\" content=\"summary_large_image\" \/>\n<meta name=\"twitter:label1\" content=\"Tiempo de lectura\" \/>\n\t<meta name=\"twitter:data1\" content=\"1 minuto\" \/>\n<script type=\"application\/ld+json\" class=\"yoast-schema-graph\">{\"@context\":\"https:\\\/\\\/schema.org\",\"@graph\":[{\"@type\":\"WebPage\",\"@id\":\"https:\\\/\\\/milemarathon.com\\\/mm-running-route\\\/\",\"url\":\"https:\\\/\\\/milemarathon.com\\\/mm-running-route\\\/\",\"name\":\"Running route for the Mile Marathon - Mile Marathon\",\"isPartOf\":{\"@id\":\"http:\\\/\\\/oud.ppp.mybluehost.me\\\/#website\"},\"primaryImageOfPage\":{\"@id\":\"https:\\\/\\\/milemarathon.com\\\/mm-running-route\\\/#primaryimage\"},\"image\":{\"@id\":\"https:\\\/\\\/milemarathon.com\\\/mm-running-route\\\/#primaryimage\"},\"thumbnailUrl\":\"https:\\\/\\\/milemarathon.com\\\/wp-content\\\/uploads\\\/2024\\\/11\\\/MileMarathonRunRoute-1-1024x1006.png\",\"datePublished\":\"2024-11-23T16:50:07+00:00\",\"dateModified\":\"2024-11-24T02:37:52+00:00\",\"breadcrumb\":{\"@id\":\"https:\\\/\\\/milemarathon.com\\\/mm-running-route\\\/#breadcrumb\"},\"inLanguage\":\"es\",\"potentialAction\":[{\"@type\":\"ReadAction\",\"target\":[\"https:\\\/\\\/milemarathon.com\\\/mm-running-route\\\/\"]}]},{\"@type\":\"ImageObject\",\"inLanguage\":\"es\",\"@id\":\"https:\\\/\\\/milemarathon.com\\\/mm-running-route\\\/#primaryimage\",\"url\":\"https:\\\/\\\/milemarathon.com\\\/wp-content\\\/uploads\\\/2024\\\/11\\\/MileMarathonRunRoute-1-1024x1006.png\",\"contentUrl\":\"https:\\\/\\\/milemarathon.com\\\/wp-content\\\/uploads\\\/2024\\\/11\\\/MileMarathonRunRoute-1-1024x1006.png\"},{\"@type\":\"BreadcrumbList\",\"@id\":\"https:\\\/\\\/milemarathon.com\\\/mm-running-route\\\/#breadcrumb\",\"itemListElement\":[{\"@type\":\"ListItem\",\"position\":1,\"name\":\"Home\",\"item\":\"https:\\\/\\\/milemarathon.com\\\/\"},{\"@type\":\"ListItem\",\"position\":2,\"name\":\"Running route for the Mile Marathon\"}]},{\"@type\":\"WebSite\",\"@id\":\"http:\\\/\\\/oud.ppp.mybluehost.me\\\/#website\",\"url\":\"http:\\\/\\\/oud.ppp.mybluehost.me\\\/\",\"name\":\"Mile Marathon\",\"description\":\"Committed to instilling a passion for exercise in children, the Mile Marathon gathers thousands of participants for a vibrant, community-driven race.\",\"potentialAction\":[{\"@type\":\"SearchAction\",\"target\":{\"@type\":\"EntryPoint\",\"urlTemplate\":\"http:\\\/\\\/oud.ppp.mybluehost.me\\\/?s={search_term_string}\"},\"query-input\":{\"@type\":\"PropertyValueSpecification\",\"valueRequired\":true,\"valueName\":\"search_term_string\"}}],\"inLanguage\":\"es\"}]}<\/script>\n<!-- \/ Yoast SEO plugin. -->","yoast_head_json":{"title":"Running route for the Mile Marathon - Mile Marathon","robots":{"index":"index","follow":"follow","max-snippet":"max-snippet:-1","max-image-preview":"max-image-preview:large","max-video-preview":"max-video-preview:-1"},"canonical":"https:\/\/milemarathon.com\/es\/mm-running-route\/","og_locale":"es_MX","og_type":"article","og_title":"Running route for the Mile Marathon - Mile Marathon","og_description":"To ensure the safety of all during the event, the streets immediately surrounding the school, which serve as the course for the Mile Marathon run, will be closed from 8:30am until 10:30am, or until all the runners are off the course. The course is as follows: Whether you&#8217;re running or cheering, join us in making [&hellip;]","og_url":"https:\/\/milemarathon.com\/es\/mm-running-route\/","og_site_name":"Mile Marathon","article_modified_time":"2024-11-24T02:37:52+00:00","og_image":[{"url":"https:\/\/milemarathon.com\/wp-content\/uploads\/2024\/11\/MileMarathonRunRoute-1-1024x1006.png","type":"","width":"","height":""}],"twitter_card":"summary_large_image","twitter_misc":{"Tiempo de lectura":"1 minuto"},"schema":{"@context":"https:\/\/schema.org","@graph":[{"@type":"WebPage","@id":"https:\/\/milemarathon.com\/mm-running-route\/","url":"https:\/\/milemarathon.com\/mm-running-route\/","name":"Running route for the Mile Marathon - Mile Marathon","isPartOf":{"@id":"http:\/\/oud.ppp.mybluehost.me\/#website"},"primaryImageOfPage":{"@id":"https:\/\/milemarathon.com\/mm-running-route\/#primaryimage"},"image":{"@id":"https:\/\/milemarathon.com\/mm-running-route\/#primaryimage"},"thumbnailUrl":"https:\/\/milemarathon.com\/wp-content\/uploads\/2024\/11\/MileMarathonRunRoute-1-1024x1006.png","datePublished":"2024-11-23T16:50:07+00:00","dateModified":"2024-11-24T02:37:52+00:00","breadcrumb":{"@id":"https:\/\/milemarathon.com\/mm-running-route\/#breadcrumb"},"inLanguage":"es","potentialAction":[{"@type":"ReadAction","target":["https:\/\/milemarathon.com\/mm-running-route\/"]}]},{"@type":"ImageObject","inLanguage":"es","@id":"https:\/\/milemarathon.com\/mm-running-route\/#primaryimage","url":"https:\/\/milemarathon.com\/wp-content\/uploads\/2024\/11\/MileMarathonRunRoute-1-1024x1006.png","contentUrl":"https:\/\/milemarathon.com\/wp-content\/uploads\/2024\/11\/MileMarathonRunRoute-1-1024x1006.png"},{"@type":"BreadcrumbList","@id":"https:\/\/milemarathon.com\/mm-running-route\/#breadcrumb","itemListElement":[{"@type":"ListItem","position":1,"name":"Home","item":"https:\/\/milemarathon.com\/"},{"@type":"ListItem","position":2,"name":"Running route for the Mile Marathon"}]},{"@type":"WebSite","@id":"http:\/\/oud.ppp.mybluehost.me\/#website","url":"http:\/\/oud.ppp.mybluehost.me\/","name":"Milla Marat\u00f3n","description":"Committed to instilling a passion for exercise in children, the Mile Marathon gathers thousands of participants for a vibrant, community-driven race.","potentialAction":[{"@type":"SearchAction","target":{"@type":"EntryPoint","urlTemplate":"http:\/\/oud.ppp.mybluehost.me\/?s={search_term_string}"},"query-input":{"@type":"PropertyValueSpecification","valueRequired":true,"valueName":"search_term_string"}}],"inLanguage":"es"}]}},"jetpack_sharing_enabled":true,"_links":{"self":[{"href":"https:\/\/milemarathon.com\/es\/wp-json\/wp\/v2\/pages\/115","targetHints":{"allow":["GET"]}}],"collection":[{"href":"https:\/\/milemarathon.com\/es\/wp-json\/wp\/v2\/pages"}],"about":[{"href":"https:\/\/milemarathon.com\/es\/wp-json\/wp\/v2\/types\/page"}],"author":[{"embeddable":true,"href":"https:\/\/milemarathon.com\/es\/wp-json\/wp\/v2\/users\/1"}],"replies":[{"embeddable":true,"href":"https:\/\/milemarathon.com\/es\/wp-json\/wp\/v2\/comments?post=115"}],"version-history":[{"count":6,"href":"https:\/\/milemarathon.com\/es\/wp-json\/wp\/v2\/pages\/115\/revisions"}],"predecessor-version":[{"id":215,"href":"https:\/\/milemarathon.com\/es\/wp-json\/wp\/v2\/pages\/115\/revisions\/215"}],"wp:attachment":[{"href":"https:\/\/milemarathon.com\/es\/wp-json\/wp\/v2\/media?parent=115"}],"curies":[{"name":"wp","href":"https:\/\/api.w.org\/{rel}","templated":true}]}}