{"id":188,"date":"2024-11-23T23:33:16","date_gmt":"2024-11-24T06:33:16","guid":{"rendered":"https:\/\/milemarathon.com\/?page_id=188"},"modified":"2025-11-18T19:47:55","modified_gmt":"2025-11-19T02:47:55","slug":"event-guests","status":"publish","type":"page","link":"https:\/\/milemarathon.com\/es\/event-guests\/","title":{"rendered":"Invitados"},"content":{"rendered":"<div class=\"nfd-container nfd-text-md nfd-wb-text__text-12 wp-block-group is-layout-constrained wp-block-group-is-layout-constrained\">\n<div class=\"nfd-max-w-prose wp-block-group is-vertical is-content-justification-stretch is-layout-flex wp-container-core-group-is-layout-353c4f5a wp-block-group-is-layout-flex\">\n<div class=\"wp-block-group is-content-justification-center is-nowrap is-layout-flex wp-container-core-group-is-layout-23441af8 wp-block-group-is-layout-flex\">\n<figure class=\"is-style-default nfd-rounded-sm wp-block-image size-full\"><img data-recalc-dims=\"1\" loading=\"lazy\" decoding=\"async\" width=\"980\" height=\"623\" src=\"https:\/\/i0.wp.com\/milemarathon.com\/wp-content\/uploads\/2024\/11\/uta-pippig-at-columbine-mile-marathon-1509568334.png?resize=980%2C623&#038;ssl=1\" alt=\"\" class=\"wp-image-263\" style=\"aspect-ratio:16\/9;object-fit:cover\" srcset=\"https:\/\/i0.wp.com\/milemarathon.com\/wp-content\/uploads\/2024\/11\/uta-pippig-at-columbine-mile-marathon-1509568334.png?w=980&amp;ssl=1 980w, https:\/\/i0.wp.com\/milemarathon.com\/wp-content\/uploads\/2024\/11\/uta-pippig-at-columbine-mile-marathon-1509568334.png?resize=300%2C191&amp;ssl=1 300w, https:\/\/i0.wp.com\/milemarathon.com\/wp-content\/uploads\/2024\/11\/uta-pippig-at-columbine-mile-marathon-1509568334.png?resize=768%2C488&amp;ssl=1 768w, https:\/\/i0.wp.com\/milemarathon.com\/wp-content\/uploads\/2024\/11\/uta-pippig-at-columbine-mile-marathon-1509568334.png?resize=18%2C12&amp;ssl=1 18w\" sizes=\"auto, (max-width: 980px) 100vw, 980px\" \/><figcaption class=\"wp-element-caption\">Uta Pippig, ganadora del Marat\u00f3n de Boston, en el Marat\u00f3n de las 40 Millas. Cr\u00e9dito de la foto: Lisa Jhung<\/figcaption><\/figure>\n<\/div>\n\n\n\n<p class=\"\"><strong>We are in the process of searching for Event Guests for the 49th Mile Marathon. <\/strong><br>If you have a contact or know of someone who may be interested in being an Event Guest, please reach out to the Events Coordinator <strong>Cara<\/strong> o <strong>Sara<\/strong>.<br><br>Se pide a los invitados que dediquen dos sesiones de 10 a 15 minutos a una clase de alumnos antes de la carrera: les ayudar\u00e1n a ponerse el dorsal, har\u00e1n estiramientos con ellos, les hablar\u00e1n de un estilo de vida saludable y responder\u00e1n a sus preguntas. Correr\u00e1n con el grado que ayudaron a preparar, animando a los estudiantes hasta la l\u00ednea de meta.<\/p>\n\n\n\n<p class=\"\">Como invitado al evento, le recomendamos que llegue a Columbine a las 8 de la ma\u00f1ana. Tenga en cuenta que habr\u00e1 cierres de carreteras alrededor de la escuela, y es probable que tenga que caminar desde algunas calles para aparcar. Por favor, re\u00fanase en la entrada principal de la escuela y traiga una identificaci\u00f3n con foto para una r\u00e1pida verificaci\u00f3n de antecedentes. Un voluntario le ayudar\u00e1 a encontrar su nivel de grado asignado y le mostrar\u00e1 d\u00f3nde reunirse con ellos. <br><br>Esperamos verte el d\u00eda del evento y agradecemos tu participaci\u00f3n para compartir la alegr\u00eda de correr. Muchas gracias.<\/p>\n<\/div>\n<\/div>","protected":false},"excerpt":{"rendered":"<p>We are in the process of searching for Event Guests for the 49th Mile Marathon. If you have a contact or know of someone who may be interested in being an Event Guest, please reach out to the Events Coordinator Cara or Sara. Event Guests are asked to spend two 10-15 minute sessions with a [&hellip;]<\/p>\n","protected":false},"author":1,"featured_media":0,"parent":0,"menu_order":0,"comment_status":"closed","ping_status":"closed","template":"","meta":{"nf_dc_page":"","om_disable_all_campaigns":false,"_monsterinsights_skip_tracking":false,"_monsterinsights_sitenote_active":false,"_monsterinsights_sitenote_note":"","_monsterinsights_sitenote_category":0,"_uf_show_specific_survey":0,"_uf_disable_surveys":false,"footnotes":""},"class_list":["post-188","page","type-page","status-publish","hentry"],"yoast_head":"<!-- This site is optimized with the Yoast SEO plugin v27.4 - https:\/\/yoast.com\/product\/yoast-seo-wordpress\/ -->\n<title>Event Guests - Mile Marathon<\/title>\n<meta name=\"robots\" content=\"index, follow, max-snippet:-1, max-image-preview:large, max-video-preview:-1\" \/>\n<link rel=\"canonical\" href=\"https:\/\/milemarathon.com\/es\/event-guests\/\" \/>\n<meta property=\"og:locale\" content=\"es_MX\" \/>\n<meta property=\"og:type\" content=\"article\" \/>\n<meta property=\"og:title\" content=\"Event Guests - Mile Marathon\" \/>\n<meta property=\"og:description\" content=\"We are in the process of searching for Event Guests for the 49th Mile Marathon. If you have a contact or know of someone who may be interested in being an Event Guest, please reach out to the Events Coordinator Cara or Sara. Event Guests are asked to spend two 10-15 minute sessions with a [&hellip;]\" \/>\n<meta property=\"og:url\" content=\"https:\/\/milemarathon.com\/es\/event-guests\/\" \/>\n<meta property=\"og:site_name\" content=\"Mile Marathon\" \/>\n<meta property=\"article:modified_time\" content=\"2025-11-19T02:47:55+00:00\" \/>\n<meta property=\"og:image\" content=\"https:\/\/milemarathon.com\/wp-content\/uploads\/2024\/11\/uta-pippig-at-columbine-mile-marathon-1509568334.png\" \/>\n<meta name=\"twitter:card\" content=\"summary_large_image\" \/>\n<meta name=\"twitter:label1\" content=\"Tiempo de lectura\" \/>\n\t<meta name=\"twitter:data1\" content=\"2 minutos\" \/>\n<script type=\"application\/ld+json\" class=\"yoast-schema-graph\">{\"@context\":\"https:\\\/\\\/schema.org\",\"@graph\":[{\"@type\":\"WebPage\",\"@id\":\"https:\\\/\\\/milemarathon.com\\\/event-guests\\\/\",\"url\":\"https:\\\/\\\/milemarathon.com\\\/event-guests\\\/\",\"name\":\"Event Guests - Mile Marathon\",\"isPartOf\":{\"@id\":\"http:\\\/\\\/oud.ppp.mybluehost.me\\\/#website\"},\"primaryImageOfPage\":{\"@id\":\"https:\\\/\\\/milemarathon.com\\\/event-guests\\\/#primaryimage\"},\"image\":{\"@id\":\"https:\\\/\\\/milemarathon.com\\\/event-guests\\\/#primaryimage\"},\"thumbnailUrl\":\"https:\\\/\\\/milemarathon.com\\\/wp-content\\\/uploads\\\/2024\\\/11\\\/uta-pippig-at-columbine-mile-marathon-1509568334.png\",\"datePublished\":\"2024-11-24T06:33:16+00:00\",\"dateModified\":\"2025-11-19T02:47:55+00:00\",\"breadcrumb\":{\"@id\":\"https:\\\/\\\/milemarathon.com\\\/event-guests\\\/#breadcrumb\"},\"inLanguage\":\"es\",\"potentialAction\":[{\"@type\":\"ReadAction\",\"target\":[\"https:\\\/\\\/milemarathon.com\\\/event-guests\\\/\"]}]},{\"@type\":\"ImageObject\",\"inLanguage\":\"es\",\"@id\":\"https:\\\/\\\/milemarathon.com\\\/event-guests\\\/#primaryimage\",\"url\":\"https:\\\/\\\/milemarathon.com\\\/wp-content\\\/uploads\\\/2024\\\/11\\\/uta-pippig-at-columbine-mile-marathon-1509568334.png\",\"contentUrl\":\"https:\\\/\\\/milemarathon.com\\\/wp-content\\\/uploads\\\/2024\\\/11\\\/uta-pippig-at-columbine-mile-marathon-1509568334.png\"},{\"@type\":\"BreadcrumbList\",\"@id\":\"https:\\\/\\\/milemarathon.com\\\/event-guests\\\/#breadcrumb\",\"itemListElement\":[{\"@type\":\"ListItem\",\"position\":1,\"name\":\"Home\",\"item\":\"https:\\\/\\\/milemarathon.com\\\/\"},{\"@type\":\"ListItem\",\"position\":2,\"name\":\"Event Guests\"}]},{\"@type\":\"WebSite\",\"@id\":\"http:\\\/\\\/oud.ppp.mybluehost.me\\\/#website\",\"url\":\"http:\\\/\\\/oud.ppp.mybluehost.me\\\/\",\"name\":\"Mile Marathon\",\"description\":\"Committed to instilling a passion for exercise in children, the Mile Marathon gathers thousands of participants for a vibrant, community-driven race.\",\"potentialAction\":[{\"@type\":\"SearchAction\",\"target\":{\"@type\":\"EntryPoint\",\"urlTemplate\":\"http:\\\/\\\/oud.ppp.mybluehost.me\\\/?s={search_term_string}\"},\"query-input\":{\"@type\":\"PropertyValueSpecification\",\"valueRequired\":true,\"valueName\":\"search_term_string\"}}],\"inLanguage\":\"es\"}]}<\/script>\n<!-- \/ Yoast SEO plugin. -->","yoast_head_json":{"title":"Event Guests - Mile Marathon","robots":{"index":"index","follow":"follow","max-snippet":"max-snippet:-1","max-image-preview":"max-image-preview:large","max-video-preview":"max-video-preview:-1"},"canonical":"https:\/\/milemarathon.com\/es\/event-guests\/","og_locale":"es_MX","og_type":"article","og_title":"Event Guests - Mile Marathon","og_description":"We are in the process of searching for Event Guests for the 49th Mile Marathon. If you have a contact or know of someone who may be interested in being an Event Guest, please reach out to the Events Coordinator Cara or Sara. Event Guests are asked to spend two 10-15 minute sessions with a [&hellip;]","og_url":"https:\/\/milemarathon.com\/es\/event-guests\/","og_site_name":"Mile Marathon","article_modified_time":"2025-11-19T02:47:55+00:00","og_image":[{"url":"https:\/\/milemarathon.com\/wp-content\/uploads\/2024\/11\/uta-pippig-at-columbine-mile-marathon-1509568334.png","type":"","width":"","height":""}],"twitter_card":"summary_large_image","twitter_misc":{"Tiempo de lectura":"2 minutos"},"schema":{"@context":"https:\/\/schema.org","@graph":[{"@type":"WebPage","@id":"https:\/\/milemarathon.com\/event-guests\/","url":"https:\/\/milemarathon.com\/event-guests\/","name":"Event Guests - Mile Marathon","isPartOf":{"@id":"http:\/\/oud.ppp.mybluehost.me\/#website"},"primaryImageOfPage":{"@id":"https:\/\/milemarathon.com\/event-guests\/#primaryimage"},"image":{"@id":"https:\/\/milemarathon.com\/event-guests\/#primaryimage"},"thumbnailUrl":"https:\/\/milemarathon.com\/wp-content\/uploads\/2024\/11\/uta-pippig-at-columbine-mile-marathon-1509568334.png","datePublished":"2024-11-24T06:33:16+00:00","dateModified":"2025-11-19T02:47:55+00:00","breadcrumb":{"@id":"https:\/\/milemarathon.com\/event-guests\/#breadcrumb"},"inLanguage":"es","potentialAction":[{"@type":"ReadAction","target":["https:\/\/milemarathon.com\/event-guests\/"]}]},{"@type":"ImageObject","inLanguage":"es","@id":"https:\/\/milemarathon.com\/event-guests\/#primaryimage","url":"https:\/\/milemarathon.com\/wp-content\/uploads\/2024\/11\/uta-pippig-at-columbine-mile-marathon-1509568334.png","contentUrl":"https:\/\/milemarathon.com\/wp-content\/uploads\/2024\/11\/uta-pippig-at-columbine-mile-marathon-1509568334.png"},{"@type":"BreadcrumbList","@id":"https:\/\/milemarathon.com\/event-guests\/#breadcrumb","itemListElement":[{"@type":"ListItem","position":1,"name":"Home","item":"https:\/\/milemarathon.com\/"},{"@type":"ListItem","position":2,"name":"Event Guests"}]},{"@type":"WebSite","@id":"http:\/\/oud.ppp.mybluehost.me\/#website","url":"http:\/\/oud.ppp.mybluehost.me\/","name":"Milla Marat\u00f3n","description":"Committed to instilling a passion for exercise in children, the Mile Marathon gathers thousands of participants for a vibrant, community-driven race.","potentialAction":[{"@type":"SearchAction","target":{"@type":"EntryPoint","urlTemplate":"http:\/\/oud.ppp.mybluehost.me\/?s={search_term_string}"},"query-input":{"@type":"PropertyValueSpecification","valueRequired":true,"valueName":"search_term_string"}}],"inLanguage":"es"}]}},"jetpack_sharing_enabled":true,"_links":{"self":[{"href":"https:\/\/milemarathon.com\/es\/wp-json\/wp\/v2\/pages\/188","targetHints":{"allow":["GET"]}}],"collection":[{"href":"https:\/\/milemarathon.com\/es\/wp-json\/wp\/v2\/pages"}],"about":[{"href":"https:\/\/milemarathon.com\/es\/wp-json\/wp\/v2\/types\/page"}],"author":[{"embeddable":true,"href":"https:\/\/milemarathon.com\/es\/wp-json\/wp\/v2\/users\/1"}],"replies":[{"embeddable":true,"href":"https:\/\/milemarathon.com\/es\/wp-json\/wp\/v2\/comments?post=188"}],"version-history":[{"count":11,"href":"https:\/\/milemarathon.com\/es\/wp-json\/wp\/v2\/pages\/188\/revisions"}],"predecessor-version":[{"id":429,"href":"https:\/\/milemarathon.com\/es\/wp-json\/wp\/v2\/pages\/188\/revisions\/429"}],"wp:attachment":[{"href":"https:\/\/milemarathon.com\/es\/wp-json\/wp\/v2\/media?parent=188"}],"curies":[{"name":"wp","href":"https:\/\/api.w.org\/{rel}","templated":true}]}}