{"id":225,"date":"2024-11-24T00:46:06","date_gmt":"2024-11-24T07:46:06","guid":{"rendered":"https:\/\/milemarathon.com\/?page_id=225"},"modified":"2024-11-24T00:46:08","modified_gmt":"2024-11-24T07:46:08","slug":"sponsorship-form","status":"publish","type":"page","link":"https:\/\/milemarathon.com\/es\/sponsorship-form\/","title":{"rendered":"Formulario de patrocinio"},"content":{"rendered":"\n<div class=\"nfd-container nfd-wb-text__text-11 wp-block-group alignfull is-layout-constrained wp-container-core-group-is-layout-346627ba wp-block-group-is-layout-constrained\">\n<div class=\"nfd-container nfd-text-md wp-block-group alignfull is-layout-constrained wp-container-core-group-is-layout-346627ba wp-block-group-is-layout-constrained\">\n<div class=\"nfd-container nfd-text-md wp-block-group alignfull is-layout-constrained wp-container-core-group-is-layout-346627ba wp-block-group-is-layout-constrained\">\n<p class=\"\">Your support means so much to us! If you are interested in becoming a Mile Marathon sponsor, please fill out the form below. Your contribution is sincerely appreciated; thank you!<\/p>\n<\/div>\n<\/div>\n<\/div>\n\n\n\n<div class=\"wp-block-columns is-layout-flex wp-container-core-columns-is-layout-28f84493 wp-block-columns-is-layout-flex\">\n<div class=\"wp-block-column is-layout-flow wp-block-column-is-layout-flow\" style=\"flex-basis:100%\"><div class=\"wpforms-container wpforms-container-full wpforms-block wpforms-block-fd474522-c720-43d3-9e9a-b391c4a4ad93 wpforms-render-modern\" id=\"wpforms-227\"><form id=\"wpforms-form-227\" class=\"wpforms-validate wpforms-form wpforms-ajax-form\" data-formid=\"227\" method=\"post\" enctype=\"multipart\/form-data\" action=\"\/es\/wp-json\/wp\/v2\/pages\/225\" data-token=\"7e0b0115c0d9c91527841896773c681f\" data-token-time=\"1776881881\"><noscript class=\"wpforms-error-noscript\">Por favor, activa JavaScript en tu navegador para completar este formulario.<\/noscript><div id=\"wpforms-error-noscript\" style=\"display: none;\">Por favor, activa JavaScript en tu navegador para completar este formulario.<\/div><div class=\"wpforms-field-container\">\t\t<div id=\"wpforms-227-field_1-container\"\n\t\t\tclass=\"wpforms-field wpforms-field-text\"\n\t\t\tdata-field-type=\"text\"\n\t\t\tdata-field-id=\"1\"\n\t\t\t>\n\t\t\t<label class=\"wpforms-field-label\" for=\"wpforms-227-field_1\" >Contact Company Contact<\/label>\n\t\t\t<input type=\"text\" id=\"wpforms-227-field_1\" class=\"wpforms-field-medium\" name=\"wpforms[fields][1]\" >\n\t\t<\/div>\n\t\t<div id=\"wpforms-227-field_5-container\" class=\"wpforms-field wpforms-field-text\" data-field-id=\"5\"><label class=\"wpforms-field-label\" for=\"wpforms-227-field_5\">Company Name <span class=\"wpforms-required-label\" aria-hidden=\"true\">*<\/span><\/label><input type=\"text\" id=\"wpforms-227-field_5\" class=\"wpforms-field-medium wpforms-field-required\" name=\"wpforms[fields][5]\" aria-errormessage=\"wpforms-227-field_5-error\" required><\/div><div id=\"wpforms-227-field_9-container\" class=\"wpforms-field wpforms-field-text\" data-field-id=\"9\"><label class=\"wpforms-field-label\" for=\"wpforms-227-field_9\">Company Website <span class=\"wpforms-required-label\" aria-hidden=\"true\">*<\/span><\/label><input type=\"text\" id=\"wpforms-227-field_9\" class=\"wpforms-field-medium wpforms-field-required\" name=\"wpforms[fields][9]\" aria-errormessage=\"wpforms-227-field_9-error\" required><\/div><div id=\"wpforms-227-field_3-container\" class=\"wpforms-field wpforms-field-name\" data-field-id=\"3\"><fieldset><legend class=\"wpforms-field-label\">Contact Name <span class=\"wpforms-required-label\" aria-hidden=\"true\">*<\/span><\/legend><div class=\"wpforms-field-row wpforms-field-medium\"><div class=\"wpforms-field-row-block wpforms-first wpforms-one-half\"><input type=\"text\" id=\"wpforms-227-field_3\" class=\"wpforms-field-name-first wpforms-field-required\" name=\"wpforms[fields][3][first]\" aria-errormessage=\"wpforms-227-field_3-error\" required><label for=\"wpforms-227-field_3\" class=\"wpforms-field-sublabel after\">Nombre<\/label><\/div><div class=\"wpforms-field-row-block wpforms-one-half\"><input type=\"text\" id=\"wpforms-227-field_3-last\" class=\"wpforms-field-name-last wpforms-field-required\" name=\"wpforms[fields][3][last]\" aria-errormessage=\"wpforms-227-field_3-last-error\" required><label for=\"wpforms-227-field_3-last\" class=\"wpforms-field-sublabel after\">Apellidos<\/label><\/div><\/div><\/fieldset><\/div><div id=\"wpforms-227-field_6-container\" class=\"wpforms-field wpforms-field-email\" data-field-id=\"6\"><label class=\"wpforms-field-label\" for=\"wpforms-227-field_6\">Email <span class=\"wpforms-required-label\" aria-hidden=\"true\">*<\/span><\/label><input type=\"email\" id=\"wpforms-227-field_6\" class=\"wpforms-field-medium wpforms-field-required\" name=\"wpforms[fields][6]\" spellcheck=\"false\" aria-errormessage=\"wpforms-227-field_6-error\" required><\/div><div id=\"wpforms-227-field_7-container\" class=\"wpforms-field wpforms-field-number\" data-field-id=\"7\"><label class=\"wpforms-field-label\" for=\"wpforms-227-field_7\">Contact Phone <span class=\"wpforms-required-label\" aria-hidden=\"true\">*<\/span><\/label><input type=\"number\" id=\"wpforms-227-field_7\" class=\"wpforms-field-medium wpforms-field-required\" name=\"wpforms[fields][7]\" step=\"any\" aria-errormessage=\"wpforms-227-field_7-error\" required><\/div><div id=\"wpforms-227-field_11-container\" class=\"wpforms-field wpforms-field-select wpforms-field-select-style-classic\" data-field-id=\"11\"><label class=\"wpforms-field-label\" for=\"wpforms-227-field_11\">Sponsorship Level<\/label><select id=\"wpforms-227-field_11\" class=\"wpforms-field-medium\" name=\"wpforms[fields][11]\"><option value=\"Platinum\"  class=\"choice-1 depth-1\"  >Platinum<\/option><option value=\"Gold\"  class=\"choice-2 depth-1\"  >Gold<\/option><option value=\"Silver\"  class=\"choice-3 depth-1\"  >Silver<\/option><option value=\"Bronze\"  class=\"choice-4 depth-1\"  >Bronze<\/option><\/select><\/div><div id=\"wpforms-227-field_12-container\" class=\"wpforms-field wpforms-field-radio\" data-field-id=\"12\"><fieldset><legend class=\"wpforms-field-label\">How can we expect your payment <span class=\"wpforms-required-label\" aria-hidden=\"true\">*<\/span><\/legend><ul id=\"wpforms-227-field_12\" class=\"wpforms-field-required\"><li class=\"choice-1 depth-1\"><input type=\"radio\" id=\"wpforms-227-field_12_1\" name=\"wpforms[fields][12]\" value=\"Credit Card (PayPal)\" aria-errormessage=\"wpforms-227-field_12_1-error\" required ><label class=\"wpforms-field-label-inline\" for=\"wpforms-227-field_12_1\">Credit Card (PayPal)<\/label><\/li><li class=\"choice-2 depth-1\"><input type=\"radio\" id=\"wpforms-227-field_12_2\" name=\"wpforms[fields][12]\" value=\"Paper check\" aria-errormessage=\"wpforms-227-field_12_2-error\" required ><label class=\"wpforms-field-label-inline\" for=\"wpforms-227-field_12_2\">Paper check<\/label><\/li><\/ul><\/fieldset><\/div><script>\n\t\t\t\t( function() {\n\t\t\t\t\tconst style = document.createElement( 'style' );\n\t\t\t\t\tstyle.appendChild( document.createTextNode( '#wpforms-227-field_1-container { position: absolute !important; overflow: hidden !important; display: inline !important; height: 1px !important; width: 1px !important; z-index: -1000 !important; padding: 0 !important; } #wpforms-227-field_1-container input { visibility: hidden; } #wpforms-conversational-form-page #wpforms-227-field_1-container label { counter-increment: none; }' ) );\n\t\t\t\t\tdocument.head.appendChild( style );\n\t\t\t\t\tdocument.currentScript?.remove();\n\t\t\t\t} )();\n\t\t\t<\/script><\/div><!-- .wpforms-field-container --><div class=\"wpforms-submit-container\" ><input type=\"hidden\" name=\"wpforms[id]\" value=\"227\"><input type=\"hidden\" name=\"page_title\" value=\"\"><input type=\"hidden\" name=\"page_url\" value=\"https:\/\/milemarathon.com\/es\/wp-json\/wp\/v2\/pages\/225\"><input type=\"hidden\" name=\"url_referer\" value=\"\"><button type=\"submit\" name=\"wpforms[submit]\" id=\"wpforms-submit-227\" class=\"wpforms-submit\" data-alt-text=\"Sending...\" data-submit-text=\"Submit\" aria-live=\"assertive\" value=\"wpforms-submit\">Submit<\/button><img loading=\"lazy\" decoding=\"async\" src=\"https:\/\/milemarathon.com\/wp-content\/plugins\/wpforms-lite\/assets\/images\/submit-spin.svg\" class=\"wpforms-submit-spinner\" style=\"display: none;\" width=\"26\" height=\"26\" alt=\"Cargando\"><\/div><\/form><\/div>  <!-- .wpforms-container --><\/div>\n<\/div>\n\n\n\n<p class=\"has-text-align-center\"><\/p>\n\n\n\n<p class=\"\"><\/p>\n","protected":false},"excerpt":{"rendered":"<p>\u00a1Su apoyo significa mucho para nosotros! Si est\u00e1 interesado en convertirse en patrocinador del Marat\u00f3n de la Milla, rellene el siguiente formulario. Su contribuci\u00f3n es sinceramente apreciada; \u00a1gracias!<\/p>","protected":false},"author":1,"featured_media":0,"parent":0,"menu_order":0,"comment_status":"closed","ping_status":"closed","template":"","meta":{"nf_dc_page":"","om_disable_all_campaigns":false,"_monsterinsights_skip_tracking":false,"_monsterinsights_sitenote_active":false,"_monsterinsights_sitenote_note":"","_monsterinsights_sitenote_category":0,"_uf_show_specific_survey":0,"_uf_disable_surveys":false,"footnotes":""},"class_list":["post-225","page","type-page","status-publish","hentry"],"yoast_head":"<!-- This site is optimized with the Yoast SEO plugin v27.4 - https:\/\/yoast.com\/product\/yoast-seo-wordpress\/ -->\n<title>Sponsorship Form - Mile Marathon<\/title>\n<meta name=\"robots\" content=\"index, follow, max-snippet:-1, max-image-preview:large, max-video-preview:-1\" \/>\n<link rel=\"canonical\" href=\"https:\/\/milemarathon.com\/es\/sponsorship-form\/\" \/>\n<meta property=\"og:locale\" content=\"es_MX\" \/>\n<meta property=\"og:type\" content=\"article\" \/>\n<meta property=\"og:title\" content=\"Sponsorship Form - Mile Marathon\" \/>\n<meta property=\"og:description\" content=\"Your support means so much to us! If you are interested in becoming a Mile Marathon sponsor, please fill out the form below. Your contribution is sincerely appreciated; thank you!\" \/>\n<meta property=\"og:url\" content=\"https:\/\/milemarathon.com\/es\/sponsorship-form\/\" \/>\n<meta property=\"og:site_name\" content=\"Mile Marathon\" \/>\n<meta property=\"article:modified_time\" content=\"2024-11-24T07:46:08+00:00\" \/>\n<meta name=\"twitter:card\" content=\"summary_large_image\" \/>\n<meta name=\"twitter:label1\" content=\"Tiempo de lectura\" \/>\n\t<meta name=\"twitter:data1\" content=\"1 minuto\" \/>\n<script type=\"application\/ld+json\" class=\"yoast-schema-graph\">{\"@context\":\"https:\\\/\\\/schema.org\",\"@graph\":[{\"@type\":\"WebPage\",\"@id\":\"https:\\\/\\\/milemarathon.com\\\/sponsorship-form\\\/\",\"url\":\"https:\\\/\\\/milemarathon.com\\\/sponsorship-form\\\/\",\"name\":\"Sponsorship Form - Mile Marathon\",\"isPartOf\":{\"@id\":\"http:\\\/\\\/oud.ppp.mybluehost.me\\\/#website\"},\"datePublished\":\"2024-11-24T07:46:06+00:00\",\"dateModified\":\"2024-11-24T07:46:08+00:00\",\"breadcrumb\":{\"@id\":\"https:\\\/\\\/milemarathon.com\\\/sponsorship-form\\\/#breadcrumb\"},\"inLanguage\":\"es\",\"potentialAction\":[{\"@type\":\"ReadAction\",\"target\":[\"https:\\\/\\\/milemarathon.com\\\/sponsorship-form\\\/\"]}]},{\"@type\":\"BreadcrumbList\",\"@id\":\"https:\\\/\\\/milemarathon.com\\\/sponsorship-form\\\/#breadcrumb\",\"itemListElement\":[{\"@type\":\"ListItem\",\"position\":1,\"name\":\"Home\",\"item\":\"https:\\\/\\\/milemarathon.com\\\/\"},{\"@type\":\"ListItem\",\"position\":2,\"name\":\"Sponsorship Form\"}]},{\"@type\":\"WebSite\",\"@id\":\"http:\\\/\\\/oud.ppp.mybluehost.me\\\/#website\",\"url\":\"http:\\\/\\\/oud.ppp.mybluehost.me\\\/\",\"name\":\"Mile Marathon\",\"description\":\"Committed to instilling a passion for exercise in children, the Mile Marathon gathers thousands of participants for a vibrant, community-driven race.\",\"potentialAction\":[{\"@type\":\"SearchAction\",\"target\":{\"@type\":\"EntryPoint\",\"urlTemplate\":\"http:\\\/\\\/oud.ppp.mybluehost.me\\\/?s={search_term_string}\"},\"query-input\":{\"@type\":\"PropertyValueSpecification\",\"valueRequired\":true,\"valueName\":\"search_term_string\"}}],\"inLanguage\":\"es\"}]}<\/script>\n<!-- \/ Yoast SEO plugin. -->","yoast_head_json":{"title":"Sponsorship Form - Mile Marathon","robots":{"index":"index","follow":"follow","max-snippet":"max-snippet:-1","max-image-preview":"max-image-preview:large","max-video-preview":"max-video-preview:-1"},"canonical":"https:\/\/milemarathon.com\/es\/sponsorship-form\/","og_locale":"es_MX","og_type":"article","og_title":"Sponsorship Form - Mile Marathon","og_description":"Your support means so much to us! If you are interested in becoming a Mile Marathon sponsor, please fill out the form below. Your contribution is sincerely appreciated; thank you!","og_url":"https:\/\/milemarathon.com\/es\/sponsorship-form\/","og_site_name":"Mile Marathon","article_modified_time":"2024-11-24T07:46:08+00:00","twitter_card":"summary_large_image","twitter_misc":{"Tiempo de lectura":"1 minuto"},"schema":{"@context":"https:\/\/schema.org","@graph":[{"@type":"WebPage","@id":"https:\/\/milemarathon.com\/sponsorship-form\/","url":"https:\/\/milemarathon.com\/sponsorship-form\/","name":"Sponsorship Form - Mile Marathon","isPartOf":{"@id":"http:\/\/oud.ppp.mybluehost.me\/#website"},"datePublished":"2024-11-24T07:46:06+00:00","dateModified":"2024-11-24T07:46:08+00:00","breadcrumb":{"@id":"https:\/\/milemarathon.com\/sponsorship-form\/#breadcrumb"},"inLanguage":"es","potentialAction":[{"@type":"ReadAction","target":["https:\/\/milemarathon.com\/sponsorship-form\/"]}]},{"@type":"BreadcrumbList","@id":"https:\/\/milemarathon.com\/sponsorship-form\/#breadcrumb","itemListElement":[{"@type":"ListItem","position":1,"name":"Home","item":"https:\/\/milemarathon.com\/"},{"@type":"ListItem","position":2,"name":"Sponsorship Form"}]},{"@type":"WebSite","@id":"http:\/\/oud.ppp.mybluehost.me\/#website","url":"http:\/\/oud.ppp.mybluehost.me\/","name":"Milla Marat\u00f3n","description":"Committed to instilling a passion for exercise in children, the Mile Marathon gathers thousands of participants for a vibrant, community-driven race.","potentialAction":[{"@type":"SearchAction","target":{"@type":"EntryPoint","urlTemplate":"http:\/\/oud.ppp.mybluehost.me\/?s={search_term_string}"},"query-input":{"@type":"PropertyValueSpecification","valueRequired":true,"valueName":"search_term_string"}}],"inLanguage":"es"}]}},"jetpack_sharing_enabled":true,"_links":{"self":[{"href":"https:\/\/milemarathon.com\/es\/wp-json\/wp\/v2\/pages\/225","targetHints":{"allow":["GET"]}}],"collection":[{"href":"https:\/\/milemarathon.com\/es\/wp-json\/wp\/v2\/pages"}],"about":[{"href":"https:\/\/milemarathon.com\/es\/wp-json\/wp\/v2\/types\/page"}],"author":[{"embeddable":true,"href":"https:\/\/milemarathon.com\/es\/wp-json\/wp\/v2\/users\/1"}],"replies":[{"embeddable":true,"href":"https:\/\/milemarathon.com\/es\/wp-json\/wp\/v2\/comments?post=225"}],"version-history":[{"count":13,"href":"https:\/\/milemarathon.com\/es\/wp-json\/wp\/v2\/pages\/225\/revisions"}],"predecessor-version":[{"id":226,"href":"https:\/\/milemarathon.com\/es\/wp-json\/wp\/v2\/pages\/225\/revisions\/226"}],"wp:attachment":[{"href":"https:\/\/milemarathon.com\/es\/wp-json\/wp\/v2\/media?parent=225"}],"curies":[{"name":"wp","href":"https:\/\/api.w.org\/{rel}","templated":true}]}}