{"id":39,"date":"2024-11-12T19:16:04","date_gmt":"2024-11-12T19:16:04","guid":{"rendered":"http:\/\/oud.ppp.mybluehost.me\/?page_id=39"},"modified":"2025-02-24T20:36:56","modified_gmt":"2025-02-25T03:36:56","slug":"donate","status":"publish","type":"page","link":"https:\/\/milemarathon.com\/es\/donate\/","title":{"rendered":"Donar"},"content":{"rendered":"<div class=\"wp-block-media-text is-stacked-on-mobile is-vertically-aligned-top\"><figure class=\"wp-block-media-text__media\"><img data-recalc-dims=\"1\" loading=\"lazy\" decoding=\"async\" width=\"1024\" height=\"682\" src=\"https:\/\/i0.wp.com\/milemarathon.com\/wp-content\/uploads\/2024\/11\/Columbine-Mile-2023-125.jpg?resize=1024%2C682&#038;ssl=1\" alt=\"\" class=\"wp-image-40 size-full\" srcset=\"https:\/\/i0.wp.com\/milemarathon.com\/wp-content\/uploads\/2024\/11\/Columbine-Mile-2023-125.jpg?resize=1024%2C682&amp;ssl=1 1024w, https:\/\/i0.wp.com\/milemarathon.com\/wp-content\/uploads\/2024\/11\/Columbine-Mile-2023-125.jpg?resize=300%2C200&amp;ssl=1 300w, https:\/\/i0.wp.com\/milemarathon.com\/wp-content\/uploads\/2024\/11\/Columbine-Mile-2023-125.jpg?resize=768%2C512&amp;ssl=1 768w, https:\/\/i0.wp.com\/milemarathon.com\/wp-content\/uploads\/2024\/11\/Columbine-Mile-2023-125.jpg?resize=1536%2C1024&amp;ssl=1 1536w, https:\/\/i0.wp.com\/milemarathon.com\/wp-content\/uploads\/2024\/11\/Columbine-Mile-2023-125.jpg?w=2000&amp;ssl=1 2000w\" sizes=\"auto, (max-width: 1000px) 100vw, 1000px\" \/><\/figure><div class=\"wp-block-media-text__content\">\n<p class=\"\"><strong>GRACIAS!<\/strong> Usted est\u00e1 haciendo que sucedan cosas buenas al donar a la Asociaci\u00f3n de Padres y Maestros de la Escuela Primaria Columbine. Su donaci\u00f3n deducible de impuestos apoya el Marat\u00f3n de la Milla, que es la mayor recaudaci\u00f3n de fondos del a\u00f1o que beneficia a nuestros estudiantes, maestros y comunidad de la Escuela Primaria Columbine.<em>.<\/em><\/p>\n\n\n\n<p class=\"\"><strong><a href=\"https:\/\/www.columbinepta.org\/\" target=\"_blank\" rel=\"noreferrer noopener\">La Asociaci\u00f3n de Padres y Maestros de Columbine Elementary<\/a><\/strong> (Asociaci\u00f3n de Padres y Profesores) es una organizaci\u00f3n 501(c)(3) como parte de nuestra organizaci\u00f3n matriz - la PTA de Colorado y est\u00e1 afiliada a la PTA Nacional.\u00a0<\/p>\n\n\n\n<p class=\"\">La misi\u00f3n de la PTA es enriquecer la experiencia escolar de nuestros ni\u00f1os y fortalecer el v\u00ednculo entre las familias, los maestros y el personal dentro de la comunidad de Columbine. Nos esforzamos por lograr esta misi\u00f3n mediante la organizaci\u00f3n de voluntarios para apoyar los proyectos de aula y de la escuela, eventos comunitarios, y la recaudaci\u00f3n de dinero para proporcionar becas de aula y apoyar las actividades extracurriculares.&nbsp;<\/p>\n<\/div><\/div>\n\n\n\n<div class=\"nfd-container nfd-p-lg nfd-theme-light nfd-bg-surface nfd-wb-call-to-action__cta-11 is-style-nfd-theme-light wp-block-group is-layout-constrained wp-block-group-is-layout-constrained\">\n<div class=\"nfd-gap-2xl wp-block-group is-vertical is-content-justification-center is-layout-flex wp-container-core-group-is-layout-ce155fab wp-block-group-is-layout-flex\">\n<div class=\"nfd-gap-lg wp-block-group is-vertical is-content-justification-center is-layout-flex wp-container-core-group-is-layout-b6c1f246 wp-block-group-is-layout-flex\">\n<h2 class=\"nfd-text-xl nfd-text-contrast nfd-text-balance wp-block-heading has-text-align-center\">Apoye a nuestra comunidad escolar: \u00a1ayude a mantener a los ni\u00f1os activos y pr\u00f3speros!<\/h2>\n<\/div>\n\n\n\n<div class=\"md:nfd-items-start nfd-gap-md wp-block-group is-vertical is-content-justification-center is-layout-flex wp-container-core-group-is-layout-ce155fab wp-block-group-is-layout-flex\">\n<div class=\"nfd-text-md wp-block-buttons is-content-justification-left is-layout-flex wp-container-core-buttons-is-layout-fc4fd283 wp-block-buttons-is-layout-flex\">\n<div class=\"nfd-btn-wide wp-block-button\"><a class=\"wp-block-button__link wp-element-button\" href=\"https:\/\/account.venmo.com\/u\/ColumbinePTABoulder\" target=\"_blank\" rel=\"noreferrer noopener\">Venmo<\/a><\/div>\n\n\n\n<div class=\"nfd-btn-wide wp-block-button\"><a class=\"wp-block-button__link wp-element-button\" href=\"https:\/\/www.paypal.com\/us\/fundraiser\/charity\/1714063\" target=\"_blank\" rel=\"noreferrer noopener\">Paypal<\/a><\/div>\n<\/div>\n<\/div>\n<\/div>\n<\/div>","protected":false},"excerpt":{"rendered":"<p>THANK YOU! You are making good things happen by donating to the Columbine Elementary School Parent Teachers Association. Your tax-deductible donation supports the Mile Marathon, which is the biggest fundraiser of the year that benefits our students, teachers and community at Columbine Elementary School. The Columbine Elementary PTA (Parent Teachers Association) is a 501(c)(3) organization [&hellip;]<\/p>\n","protected":false},"author":1,"featured_media":0,"parent":0,"menu_order":0,"comment_status":"closed","ping_status":"closed","template":"","meta":{"nf_dc_page":"","om_disable_all_campaigns":false,"_monsterinsights_skip_tracking":false,"_monsterinsights_sitenote_active":false,"_monsterinsights_sitenote_note":"","_monsterinsights_sitenote_category":0,"_uf_show_specific_survey":0,"_uf_disable_surveys":false,"footnotes":""},"class_list":["post-39","page","type-page","status-publish","hentry"],"yoast_head":"<!-- This site is optimized with the Yoast SEO plugin v27.4 - https:\/\/yoast.com\/product\/yoast-seo-wordpress\/ -->\n<title>Donate - Mile Marathon<\/title>\n<meta name=\"robots\" content=\"index, follow, max-snippet:-1, max-image-preview:large, max-video-preview:-1\" \/>\n<link rel=\"canonical\" href=\"https:\/\/milemarathon.com\/es\/donate\/\" \/>\n<meta property=\"og:locale\" content=\"es_MX\" \/>\n<meta property=\"og:type\" content=\"article\" \/>\n<meta property=\"og:title\" content=\"Donate - Mile Marathon\" \/>\n<meta property=\"og:description\" content=\"THANK YOU! You are making good things happen by donating to the Columbine Elementary School Parent Teachers Association. Your tax-deductible donation supports the Mile Marathon, which is the biggest fundraiser of the year that benefits our students, teachers and community at Columbine Elementary School. The Columbine Elementary PTA (Parent Teachers Association) is a 501(c)(3) organization [&hellip;]\" \/>\n<meta property=\"og:url\" content=\"https:\/\/milemarathon.com\/es\/donate\/\" \/>\n<meta property=\"og:site_name\" content=\"Mile Marathon\" \/>\n<meta property=\"article:modified_time\" content=\"2025-02-25T03:36:56+00:00\" \/>\n<meta property=\"og:image\" content=\"https:\/\/milemarathon.com\/wp-content\/uploads\/2024\/11\/Columbine-Mile-2023-125-1024x682.jpg\" \/>\n<meta name=\"twitter:card\" content=\"summary_large_image\" \/>\n<meta name=\"twitter:label1\" content=\"Tiempo de lectura\" \/>\n\t<meta name=\"twitter:data1\" content=\"1 minuto\" \/>\n<script type=\"application\/ld+json\" class=\"yoast-schema-graph\">{\"@context\":\"https:\\\/\\\/schema.org\",\"@graph\":[{\"@type\":\"WebPage\",\"@id\":\"https:\\\/\\\/milemarathon.com\\\/donate\\\/\",\"url\":\"https:\\\/\\\/milemarathon.com\\\/donate\\\/\",\"name\":\"Donate - Mile Marathon\",\"isPartOf\":{\"@id\":\"http:\\\/\\\/oud.ppp.mybluehost.me\\\/#website\"},\"primaryImageOfPage\":{\"@id\":\"https:\\\/\\\/milemarathon.com\\\/donate\\\/#primaryimage\"},\"image\":{\"@id\":\"https:\\\/\\\/milemarathon.com\\\/donate\\\/#primaryimage\"},\"thumbnailUrl\":\"https:\\\/\\\/milemarathon.com\\\/wp-content\\\/uploads\\\/2024\\\/11\\\/Columbine-Mile-2023-125-1024x682.jpg\",\"datePublished\":\"2024-11-12T19:16:04+00:00\",\"dateModified\":\"2025-02-25T03:36:56+00:00\",\"breadcrumb\":{\"@id\":\"https:\\\/\\\/milemarathon.com\\\/donate\\\/#breadcrumb\"},\"inLanguage\":\"es\",\"potentialAction\":[{\"@type\":\"ReadAction\",\"target\":[\"https:\\\/\\\/milemarathon.com\\\/donate\\\/\"]}]},{\"@type\":\"ImageObject\",\"inLanguage\":\"es\",\"@id\":\"https:\\\/\\\/milemarathon.com\\\/donate\\\/#primaryimage\",\"url\":\"https:\\\/\\\/milemarathon.com\\\/wp-content\\\/uploads\\\/2024\\\/11\\\/Columbine-Mile-2023-125-1024x682.jpg\",\"contentUrl\":\"https:\\\/\\\/milemarathon.com\\\/wp-content\\\/uploads\\\/2024\\\/11\\\/Columbine-Mile-2023-125-1024x682.jpg\"},{\"@type\":\"BreadcrumbList\",\"@id\":\"https:\\\/\\\/milemarathon.com\\\/donate\\\/#breadcrumb\",\"itemListElement\":[{\"@type\":\"ListItem\",\"position\":1,\"name\":\"Home\",\"item\":\"https:\\\/\\\/milemarathon.com\\\/\"},{\"@type\":\"ListItem\",\"position\":2,\"name\":\"Donate\"}]},{\"@type\":\"WebSite\",\"@id\":\"http:\\\/\\\/oud.ppp.mybluehost.me\\\/#website\",\"url\":\"http:\\\/\\\/oud.ppp.mybluehost.me\\\/\",\"name\":\"Mile Marathon\",\"description\":\"Committed to instilling a passion for exercise in children, the Mile Marathon gathers thousands of participants for a vibrant, community-driven race.\",\"potentialAction\":[{\"@type\":\"SearchAction\",\"target\":{\"@type\":\"EntryPoint\",\"urlTemplate\":\"http:\\\/\\\/oud.ppp.mybluehost.me\\\/?s={search_term_string}\"},\"query-input\":{\"@type\":\"PropertyValueSpecification\",\"valueRequired\":true,\"valueName\":\"search_term_string\"}}],\"inLanguage\":\"es\"}]}<\/script>\n<!-- \/ Yoast SEO plugin. -->","yoast_head_json":{"title":"Donate - Mile Marathon","robots":{"index":"index","follow":"follow","max-snippet":"max-snippet:-1","max-image-preview":"max-image-preview:large","max-video-preview":"max-video-preview:-1"},"canonical":"https:\/\/milemarathon.com\/es\/donate\/","og_locale":"es_MX","og_type":"article","og_title":"Donate - Mile Marathon","og_description":"THANK YOU! You are making good things happen by donating to the Columbine Elementary School Parent Teachers Association. Your tax-deductible donation supports the Mile Marathon, which is the biggest fundraiser of the year that benefits our students, teachers and community at Columbine Elementary School. The Columbine Elementary PTA (Parent Teachers Association) is a 501(c)(3) organization [&hellip;]","og_url":"https:\/\/milemarathon.com\/es\/donate\/","og_site_name":"Mile Marathon","article_modified_time":"2025-02-25T03:36:56+00:00","og_image":[{"url":"https:\/\/milemarathon.com\/wp-content\/uploads\/2024\/11\/Columbine-Mile-2023-125-1024x682.jpg","type":"","width":"","height":""}],"twitter_card":"summary_large_image","twitter_misc":{"Tiempo de lectura":"1 minuto"},"schema":{"@context":"https:\/\/schema.org","@graph":[{"@type":"WebPage","@id":"https:\/\/milemarathon.com\/donate\/","url":"https:\/\/milemarathon.com\/donate\/","name":"Donate - Mile Marathon","isPartOf":{"@id":"http:\/\/oud.ppp.mybluehost.me\/#website"},"primaryImageOfPage":{"@id":"https:\/\/milemarathon.com\/donate\/#primaryimage"},"image":{"@id":"https:\/\/milemarathon.com\/donate\/#primaryimage"},"thumbnailUrl":"https:\/\/milemarathon.com\/wp-content\/uploads\/2024\/11\/Columbine-Mile-2023-125-1024x682.jpg","datePublished":"2024-11-12T19:16:04+00:00","dateModified":"2025-02-25T03:36:56+00:00","breadcrumb":{"@id":"https:\/\/milemarathon.com\/donate\/#breadcrumb"},"inLanguage":"es","potentialAction":[{"@type":"ReadAction","target":["https:\/\/milemarathon.com\/donate\/"]}]},{"@type":"ImageObject","inLanguage":"es","@id":"https:\/\/milemarathon.com\/donate\/#primaryimage","url":"https:\/\/milemarathon.com\/wp-content\/uploads\/2024\/11\/Columbine-Mile-2023-125-1024x682.jpg","contentUrl":"https:\/\/milemarathon.com\/wp-content\/uploads\/2024\/11\/Columbine-Mile-2023-125-1024x682.jpg"},{"@type":"BreadcrumbList","@id":"https:\/\/milemarathon.com\/donate\/#breadcrumb","itemListElement":[{"@type":"ListItem","position":1,"name":"Home","item":"https:\/\/milemarathon.com\/"},{"@type":"ListItem","position":2,"name":"Donate"}]},{"@type":"WebSite","@id":"http:\/\/oud.ppp.mybluehost.me\/#website","url":"http:\/\/oud.ppp.mybluehost.me\/","name":"Milla Marat\u00f3n","description":"Committed to instilling a passion for exercise in children, the Mile Marathon gathers thousands of participants for a vibrant, community-driven race.","potentialAction":[{"@type":"SearchAction","target":{"@type":"EntryPoint","urlTemplate":"http:\/\/oud.ppp.mybluehost.me\/?s={search_term_string}"},"query-input":{"@type":"PropertyValueSpecification","valueRequired":true,"valueName":"search_term_string"}}],"inLanguage":"es"}]}},"jetpack_sharing_enabled":true,"_links":{"self":[{"href":"https:\/\/milemarathon.com\/es\/wp-json\/wp\/v2\/pages\/39","targetHints":{"allow":["GET"]}}],"collection":[{"href":"https:\/\/milemarathon.com\/es\/wp-json\/wp\/v2\/pages"}],"about":[{"href":"https:\/\/milemarathon.com\/es\/wp-json\/wp\/v2\/types\/page"}],"author":[{"embeddable":true,"href":"https:\/\/milemarathon.com\/es\/wp-json\/wp\/v2\/users\/1"}],"replies":[{"embeddable":true,"href":"https:\/\/milemarathon.com\/es\/wp-json\/wp\/v2\/comments?post=39"}],"version-history":[{"count":13,"href":"https:\/\/milemarathon.com\/es\/wp-json\/wp\/v2\/pages\/39\/revisions"}],"predecessor-version":[{"id":411,"href":"https:\/\/milemarathon.com\/es\/wp-json\/wp\/v2\/pages\/39\/revisions\/411"}],"wp:attachment":[{"href":"https:\/\/milemarathon.com\/es\/wp-json\/wp\/v2\/media?parent=39"}],"curies":[{"name":"wp","href":"https:\/\/api.w.org\/{rel}","templated":true}]}}